{"id":67,"date":"2025-05-19T20:38:32","date_gmt":"2025-05-19T20:38:32","guid":{"rendered":"https:\/\/migration.beingalive.earth\/?page_id=67"},"modified":"2025-09-08T17:46:39","modified_gmt":"2025-09-08T17:46:39","slug":"creative-response","status":"publish","type":"page","link":"https:\/\/beingalive.earth\/?page_id=67","title":{"rendered":"creative artwork"},"content":{"rendered":"\n<p><\/p>\n\n\n\n<p>Being alive is being creative. Sensing, observing, listening, touching, hearing &#8211; being present in the time of the planet that spans billions of years, and responding to this unlikely constellation of life. We consider imagination as relevant as critical thinking, and encourage you to be open to both ideas and immersive experiences. We invite you to create a reflection of your listening exercise, perhaps engaging also with the perspectives presented in the readings and touched upon in our discussions, in any form that is enjoyable for you. It is about the process of creating &#8211; bringing something new to this world.<\/p>\n\n\n\n<div style=\"height:100px\" aria-hidden=\"true\" class=\"wp-block-spacer\"><\/div>\n\n\n\n<h2 class=\"wp-block-heading\">gallery &#8211; concert hall &#8211; library<\/h2>\n\n\n\n<p>With the kind permission of the authors, we are presenting some of the final pieces of art creations we have received in the form of poems, music, paintings, installations, herbaria, essays, photography. <\/p>\n\n\n\n<div class=\"wp-block-media-text is-stacked-on-mobile\"><figure class=\"wp-block-media-text__media\"><img loading=\"lazy\" decoding=\"async\" width=\"1024\" height=\"768\" src=\"https:\/\/beingalive.earth\/wp-content\/uploads\/2025\/08\/IMG_2085-1024x768.jpeg\" alt=\"\" class=\"wp-image-335 size-full\" srcset=\"https:\/\/beingalive.earth\/wp-content\/uploads\/2025\/08\/IMG_2085-1024x768.jpeg 1024w, https:\/\/beingalive.earth\/wp-content\/uploads\/2025\/08\/IMG_2085-300x225.jpeg 300w, https:\/\/beingalive.earth\/wp-content\/uploads\/2025\/08\/IMG_2085-768x576.jpeg 768w, https:\/\/beingalive.earth\/wp-content\/uploads\/2025\/08\/IMG_2085-1536x1152.jpeg 1536w, https:\/\/beingalive.earth\/wp-content\/uploads\/2025\/08\/IMG_2085-2048x1536.jpeg 2048w\" sizes=\"auto, (max-width: 1024px) 100vw, 1024px\" \/><\/figure><div class=\"wp-block-media-text__content\">\n<h5 class=\"wp-block-heading\"><strong>Jon\u00e1\u0161 Dole\u010dek<\/strong><\/h5>\n\n\n\n<h6 class=\"wp-block-heading\"><a href=\"https:\/\/beingalive.earth\/?page_id=336\" data-type=\"link\" data-id=\"https:\/\/beingalive.earth\/?page_id=336\">Imprint<\/a><\/h6>\n\n\n\n<p>(music\/text)<\/p>\n<\/div><\/div>\n\n\n\n<div class=\"wp-block-media-text is-stacked-on-mobile\"><figure class=\"wp-block-media-text__media\"><img loading=\"lazy\" decoding=\"async\" width=\"768\" height=\"1024\" src=\"https:\/\/beingalive.earth\/wp-content\/uploads\/2025\/08\/1000026045-768x1024.jpg\" alt=\"\" class=\"wp-image-415 size-full\" srcset=\"https:\/\/beingalive.earth\/wp-content\/uploads\/2025\/08\/1000026045-768x1024.jpg 768w, https:\/\/beingalive.earth\/wp-content\/uploads\/2025\/08\/1000026045-225x300.jpg 225w, https:\/\/beingalive.earth\/wp-content\/uploads\/2025\/08\/1000026045-1152x1536.jpg 1152w, https:\/\/beingalive.earth\/wp-content\/uploads\/2025\/08\/1000026045-1536x2048.jpg 1536w, https:\/\/beingalive.earth\/wp-content\/uploads\/2025\/08\/1000026045-scaled.jpg 1920w\" sizes=\"auto, (max-width: 768px) 100vw, 768px\" \/><\/figure><div class=\"wp-block-media-text__content\">\n<h5 class=\"wp-block-heading\"><strong>Mark\u00e9ta Neubergov\u00e1<\/strong><\/h5>\n\n\n\n<h6 class=\"wp-block-heading\"><a href=\"https:\/\/beingalive.earth\/?page_id=419\">The Last Daisy<\/a><\/h6>\n\n\n\n<p>(installation\/text)<\/p>\n<\/div><\/div>\n\n\n\n<div class=\"wp-block-media-text is-stacked-on-mobile\"><figure class=\"wp-block-media-text__media\"><img loading=\"lazy\" decoding=\"async\" width=\"1024\" height=\"768\" src=\"https:\/\/beingalive.earth\/wp-content\/uploads\/2025\/08\/IMG_2481-1024x768.jpeg\" alt=\"\" class=\"wp-image-453 size-full\" srcset=\"https:\/\/beingalive.earth\/wp-content\/uploads\/2025\/08\/IMG_2481-1024x768.jpeg 1024w, https:\/\/beingalive.earth\/wp-content\/uploads\/2025\/08\/IMG_2481-300x225.jpeg 300w, https:\/\/beingalive.earth\/wp-content\/uploads\/2025\/08\/IMG_2481-768x576.jpeg 768w, https:\/\/beingalive.earth\/wp-content\/uploads\/2025\/08\/IMG_2481-1536x1152.jpeg 1536w, https:\/\/beingalive.earth\/wp-content\/uploads\/2025\/08\/IMG_2481-2048x1536.jpeg 2048w\" sizes=\"auto, (max-width: 1024px) 100vw, 1024px\" \/><\/figure><div class=\"wp-block-media-text__content\">\n<h5 class=\"wp-block-heading\"><strong>Annkatrin Reiner<\/strong><\/h5>\n\n\n\n<h6 class=\"wp-block-heading\"><a href=\"https:\/\/beingalive.earth\/?page_id=449\">We must all be mad not to go mad<\/a><\/h6>\n\n\n\n<p>(text)<\/p>\n<\/div><\/div>\n\n\n\n<div class=\"wp-block-media-text is-stacked-on-mobile\"><figure class=\"wp-block-media-text__media\"><img loading=\"lazy\" decoding=\"async\" width=\"683\" height=\"1024\" src=\"https:\/\/beingalive.earth\/wp-content\/uploads\/2025\/09\/IMG_9904-683x1024.jpg\" alt=\"\" class=\"wp-image-496 size-full\" srcset=\"https:\/\/beingalive.earth\/wp-content\/uploads\/2025\/09\/IMG_9904-683x1024.jpg 683w, https:\/\/beingalive.earth\/wp-content\/uploads\/2025\/09\/IMG_9904-200x300.jpg 200w, https:\/\/beingalive.earth\/wp-content\/uploads\/2025\/09\/IMG_9904-768x1152.jpg 768w, https:\/\/beingalive.earth\/wp-content\/uploads\/2025\/09\/IMG_9904-1024x1536.jpg 1024w, https:\/\/beingalive.earth\/wp-content\/uploads\/2025\/09\/IMG_9904-1365x2048.jpg 1365w, https:\/\/beingalive.earth\/wp-content\/uploads\/2025\/09\/IMG_9904-scaled.jpg 1707w\" sizes=\"auto, (max-width: 683px) 100vw, 683px\" \/><\/figure><div class=\"wp-block-media-text__content\">\n<h5 class=\"wp-block-heading\"><strong>Richard Wagner<\/strong><\/h5>\n\n\n\n<h6 class=\"wp-block-heading\"><a href=\"https:\/\/beingalive.earth\/?page_id=493\">Bring me back my forest<\/a><\/h6>\n\n\n\n<p>(photoessay)<\/p>\n<\/div><\/div>\n","protected":false},"excerpt":{"rendered":"<p>Being alive is being creative. Sensing, observing, listening, touching, hearing &#8211; being present in the time of the planet that spans billions of years, and responding to this unlikely constellation of life. We consider imagination as relevant as critical thinking, and encourage you to be open to both ideas and immersive experiences. We invite you [&hellip;]<\/p>\n","protected":false},"author":1,"featured_media":0,"parent":0,"menu_order":0,"comment_status":"closed","ping_status":"closed","template":"","meta":{"footnotes":""},"class_list":["post-67","page","type-page","status-publish","hentry"],"_links":{"self":[{"href":"https:\/\/beingalive.earth\/index.php?rest_route=\/wp\/v2\/pages\/67","targetHints":{"allow":["GET"]}}],"collection":[{"href":"https:\/\/beingalive.earth\/index.php?rest_route=\/wp\/v2\/pages"}],"about":[{"href":"https:\/\/beingalive.earth\/index.php?rest_route=\/wp\/v2\/types\/page"}],"author":[{"embeddable":true,"href":"https:\/\/beingalive.earth\/index.php?rest_route=\/wp\/v2\/users\/1"}],"replies":[{"embeddable":true,"href":"https:\/\/beingalive.earth\/index.php?rest_route=%2Fwp%2Fv2%2Fcomments&post=67"}],"version-history":[{"count":20,"href":"https:\/\/beingalive.earth\/index.php?rest_route=\/wp\/v2\/pages\/67\/revisions"}],"predecessor-version":[{"id":596,"href":"https:\/\/beingalive.earth\/index.php?rest_route=\/wp\/v2\/pages\/67\/revisions\/596"}],"wp:attachment":[{"href":"https:\/\/beingalive.earth\/index.php?rest_route=%2Fwp%2Fv2%2Fmedia&parent=67"}],"curies":[{"name":"wp","href":"https:\/\/api.w.org\/{rel}","templated":true}]}}